{"id":782,"date":"2022-10-07T13:37:18","date_gmt":"2022-10-07T18:37:18","guid":{"rendered":"https:\/\/theme.madsparrow.me\/most\/?page_id=782"},"modified":"2023-04-24T17:32:41","modified_gmt":"2023-04-24T22:32:41","slug":"home","status":"publish","type":"page","link":"https:\/\/gaiacreativa.com\/es\/","title":{"rendered":"Inicio"},"content":{"rendered":"<div data-elementor-type=\"wp-page\" data-elementor-id=\"782\" class=\"elementor elementor-782\" data-elementor-post-type=\"page\">\n\t\t\t\t\t\t<section class=\"elementor-section elementor-top-section elementor-element elementor-element-413590e elementor-section-full_width elementor-section-height-full elementor-section-height-default elementor-section-items-middle\" data-id=\"413590e\" data-element_type=\"section\" data-e-type=\"section\" data-settings=\"{&quot;background_background&quot;:&quot;video&quot;,&quot;background_video_link&quot;:&quot;https:\\\/\\\/gaiacreativa.com\\\/wp-content\\\/uploads\\\/brain-background-5.mp4&quot;,&quot;background_play_on_mobile&quot;:&quot;yes&quot;}\">\n\t\t\t\t\t\t\t\t<div class=\"elementor-background-video-container\">\n\t\t\t\t\t\t\t\t\t\t\t\t\t<video class=\"elementor-background-video-hosted\" role=\"presentation\" autoplay muted playsinline loop><\/video>\n\t\t\t\t\t\t\t\t\t\t\t<\/div>\n\t\t\t\t\t\t\t\t\t<div class=\"elementor-background-overlay\"><\/div>\n\t\t\t\t\t\t\t<div class=\"elementor-container elementor-column-gap-no\">\n\t\t\t\t\t<div class=\"elementor-column elementor-col-100 elementor-top-column elementor-element elementor-element-1cc38ab\" data-id=\"1cc38ab\" data-element_type=\"column\" data-e-type=\"column\">\n\t\t\t<div class=\"elementor-widget-wrap elementor-element-populated\">\n\t\t\t\t\t\t<div class=\"elementor-element elementor-element-dc20e9d elementor-widget elementor-widget-ms_slider_fs\" data-id=\"dc20e9d\" data-element_type=\"widget\" data-e-type=\"widget\" data-widget_type=\"ms_slider_fs.default\">\n\t\t\t\t<div class=\"elementor-widget-container\">\n\t\t\t\t\t\r\n        <div class=\"ms-swiper-content\">\r\n            <div class=\"ms-slider\" data-nav=\"bottom\" data-autoplay=\"on\" data-centered=\"off\" data-mousewheel=\"on\" data-simulatetouch=\"on\" data-grabcursor=\"on\" data-effect=\"slide\" data-direction=\"vertical\" data-loop=\"on\" data-spv=\"1\" data-spv-t=\"1\" data-spv-m=\"1\" data-space=\"0\" data-space-t=\"0\" data-space-m=\"0\" data-speed=\"1000\">\r\n                <div class=\"swiper-wrapper\">\r\n                                                                    <div class=\"swiper-slide\" data-swiper-autoplay=\"5000\">\r\n                                                    <div class=\"slide-inner\" data-swiper-parallax=\"70%\">\r\n                            \r\n                                                                    <div class=\"ms-slider--img\">\r\n                                                                            <\/div>\r\n                                                                \r\n                                \r\n                                                                                                                                            <div class=\"ms-slider--cont\" data-swiper-parallax=\"-69%\">\r\n                                            <div class=\"ms-cont__inner\">\r\n\r\n                                                \r\n                                                                                                    <h1 class=\"ms-sc--t\">Ideamos<\/h1>\r\n                                                                                                \r\n                                                                                                    <p class=\"ms-sc--desc translation-block\">Una idea sin ejecuci\u00f3n es solo una ilusi\u00f3n.<br> No solo nos enfocamos en idear e inspirar, sino tambi\u00e9n <br> en ejecutar proyectos de manera efectiva y eficiente, <br>asegur\u00e1ndonos de que se cumplan tus objetivos y se superen <br> tus expectativas.<\/p>\r\n                                                \r\n                                                                                            <\/div>\r\n                                        <\/div>\r\n                                                                                                <\/div>\r\n                        <\/div>\r\n                                                                    <div class=\"swiper-slide\" data-swiper-autoplay=\"5000\">\r\n                                                    <div class=\"slide-inner\" data-swiper-parallax=\"70%\">\r\n                            \r\n                                                                    <div class=\"ms-slider--img\">\r\n                                                                            <\/div>\r\n                                                                \r\n                                \r\n                                                                                                                                            <div class=\"ms-slider--cont\" data-swiper-parallax=\"-69%\">\r\n                                            <div class=\"ms-cont__inner\">\r\n\r\n                                                \r\n                                                                                                    <h1 class=\"ms-sc--t\">Inspiramos<\/h1>\r\n                                                                                                \r\n                                                                                                    <p class=\"ms-sc--desc translation-block\">Nos esforzamos por estar siempre alerta a las ideas innovadoras <br> y las tendencias emergentes que puedan inspirar tus proyectos.<\/p>\r\n                                                \r\n                                                                                            <\/div>\r\n                                        <\/div>\r\n                                                                                                <\/div>\r\n                        <\/div>\r\n                                                                    <div class=\"swiper-slide\" data-swiper-autoplay=\"5000\">\r\n                                                    <div class=\"slide-inner\" data-swiper-parallax=\"70%\">\r\n                            \r\n                                                                    <div class=\"ms-slider--img\">\r\n                                                                            <\/div>\r\n                                                                \r\n                                \r\n                                                                                                                                            <div class=\"ms-slider--cont\" data-swiper-parallax=\"-69%\">\r\n                                            <div class=\"ms-cont__inner\">\r\n\r\n                                                \r\n                                                                                                    <h1 class=\"ms-sc--t\">Ejecutamos<\/h1>\r\n                                                                                                \r\n                                                                                                    <p class=\"ms-sc--desc translation-block\">Una idea sin ejecuci\u00f3n es solo una ilusi\u00f3n.<br> No solo nos enfocamos en idear e inspirar, sino tambi\u00e9n <br> en ejecutar proyectos de manera efectiva y eficiente, <br>asegur\u00e1ndonos de que se cumplan tus objetivos y se superen <br> tus expectativas.<\/p>\r\n                                                \r\n                                                                                            <\/div>\r\n                                        <\/div>\r\n                                                                                                <\/div>\r\n                        <\/div>\r\n                                    <\/div>\r\n                                    <div class=\"ms-slider--nav nav-size--md\">\r\n                        <div class=\"ms-nav--next\">\r\n                            <svg class=\"i-arrow\" viewbox=\"0 0 17 12\">\r\n                                <path d=\"M1,6h14\"><\/path>\r\n                                <path d=\"M12,1l4,5\"><\/path>\r\n                                <path d=\"M12,11l4-5\"><\/path>\r\n                            <\/svg>\r\n                        <\/div>\r\n                        <div class=\"ms-nav--prev\">\r\n                            <svg class=\"i-arrow\" viewbox=\"0 0 17 12\">\r\n                                <path d=\"M1,6h14\"><\/path>\r\n                                <path d=\"M12,1l4,5\"><\/path>\r\n                                <path d=\"M12,11l4-5\"><\/path>\r\n                            <\/svg>\r\n                        <\/div>\r\n                    <\/div>\r\n                                                    <div class=\"ms-slider--progress center\">\r\n                        <div class=\"ms-slider--count\"><\/div>\r\n                        <div class=\"ms-slider--pagination swiper-pagination\"><\/div>\r\n                        <div class=\"ms-slider--count__total\"><\/div>\r\n                    <\/div>\r\n                            <\/div>\r\n        <\/div>\r\n\t\t\t\t\t\t<\/div>\n\t\t\t\t<\/div>\n\t\t\t\t\t<\/div>\n\t\t<\/div>\n\t\t\t\t\t<\/div>\n\t\t<\/section>\n\t\t\t\t<\/div>","protected":false},"excerpt":{"rendered":"<p>we devise An idea without execution is just an illusion. We focus not only on ideating and inspiring, but also on executing projects effectively [&hellip;]<\/p>\n","protected":false},"author":1,"featured_media":0,"parent":0,"menu_order":0,"comment_status":"closed","ping_status":"closed","template":"page-no-footer.php","meta":{"inline_featured_image":false,"footnotes":""},"class_list":["post-782","page","type-page","status-publish","hentry"],"acf":{"full_width":true,"header_transparent":true,"header_white":true},"_links":{"self":[{"href":"https:\/\/gaiacreativa.com\/es\/wp-json\/wp\/v2\/pages\/782","targetHints":{"allow":["GET"]}}],"collection":[{"href":"https:\/\/gaiacreativa.com\/es\/wp-json\/wp\/v2\/pages"}],"about":[{"href":"https:\/\/gaiacreativa.com\/es\/wp-json\/wp\/v2\/types\/page"}],"author":[{"embeddable":true,"href":"https:\/\/gaiacreativa.com\/es\/wp-json\/wp\/v2\/users\/1"}],"replies":[{"embeddable":true,"href":"https:\/\/gaiacreativa.com\/es\/wp-json\/wp\/v2\/comments?post=782"}],"version-history":[{"count":23,"href":"https:\/\/gaiacreativa.com\/es\/wp-json\/wp\/v2\/pages\/782\/revisions"}],"predecessor-version":[{"id":3365,"href":"https:\/\/gaiacreativa.com\/es\/wp-json\/wp\/v2\/pages\/782\/revisions\/3365"}],"wp:attachment":[{"href":"https:\/\/gaiacreativa.com\/es\/wp-json\/wp\/v2\/media?parent=782"}],"curies":[{"name":"wp","href":"https:\/\/api.w.org\/{rel}","templated":true}]}}